{"id":3472,"date":"2025-02-24T02:19:23","date_gmt":"2025-02-24T02:19:23","guid":{"rendered":"https:\/\/lodesign.vn\/?page_id=3472"},"modified":"2025-02-26T08:54:59","modified_gmt":"2025-02-26T08:54:59","slug":"du-an","status":"publish","type":"page","link":"https:\/\/lodesign.vn\/index.php\/du-an\/","title":{"rendered":"D\u1ef1 \u00c1n"},"content":{"rendered":"\t\t<div data-elementor-type=\"wp-page\" data-elementor-id=\"3472\" class=\"elementor elementor-3472\" data-elementor-post-type=\"page\">\n\t\t\t\t<div class=\"elementor-element elementor-element-9f46077 e-con-full e-flex lakit-col-width-auto-no e-container e-root-container elementor-top-section e-con e-parent\" data-id=\"9f46077\" data-element_type=\"container\" data-settings=\"{&quot;background_background&quot;:&quot;classic&quot;}\">\n\t\t\t\t<div class=\"elementor-element elementor-element-8e2b0a3 lakit-breadcrumbs-page-title-yes lakit-breadcrumbs-align-center elementor-widget lastudio-kit elementor-lakit-breadcrumbs\" data-id=\"8e2b0a3\" data-element_type=\"widget\" data-widget_type=\"lakit-breadcrumbs.default\">\n\t\t\t\t\t\n\t\t<div class=\"lakit-breadcrumbs\">\n\t\t<div class=\"lakit-breadcrumbs__content\">\n\t\t<div class=\"lakit-breadcrumbs__wrap\"><div class=\"lakit-breadcrumbs__item\"><a href=\"https:\/\/lodesign.vn\/\" class=\"lakit-breadcrumbs__item-link is-home\" rel=\"home\" title=\"Home\">Home<\/a><\/div>\n\t\t<\/div>\n\t\t<\/div>\n\t\t<\/div>\t\t\t\t<\/div>\n\t\t\t\t<\/div>\n\t\t<div class=\"elementor-element elementor-element-39ab2c5 e-flex e-con-boxed lakit-col-width-auto-no e-container e-root-container elementor-top-section e-con e-parent\" data-id=\"39ab2c5\" data-element_type=\"container\">\n\t\t\t\t\t<div class=\"e-con-inner\">\n\t\t<div class=\"elementor-element elementor-element-42fb500 e-con-full e-flex lakit-col-width-auto-no e-container e-con e-child\" data-id=\"42fb500\" data-element_type=\"container\">\n\t\t\t\t<div class=\"elementor-element elementor-element-b7241ee elementor-widget elementor-widget-heading\" data-id=\"b7241ee\" data-element_type=\"widget\" data-widget_type=\"heading.default\">\n\t\t\t\t<div class=\"elementor-widget-container\">\n\t\t\t\t\t<h2 class=\"elementor-heading-title elementor-size-default\">C\u00c1C D\u1ef0 \u00c1N <span class=\"text-300\">C\u1ee6A CH\u00daNG T\u00d4I<\/span><\/h2>\t\t\t\t<\/div>\n\t\t\t\t<\/div>\n\t\t\t\t<\/div>\n\t\t\t\t\t<\/div>\n\t\t\t\t<\/div>\n\t\t<div class=\"elementor-element elementor-element-4e157cf e-flex e-con-boxed lakit-col-width-auto-no e-container e-root-container elementor-top-section e-con e-parent\" data-id=\"4e157cf\" data-element_type=\"container\">\n\t\t\t\t\t<div class=\"e-con-inner\">\n\t\t\t\t<div class=\"elementor-element elementor-element-f7c50a0 active-object-fit active-object-fit-true lakit-pagination-has-border-yes elementor-widget lastudio-kit elementor-lakit-gposts elementor-lakit-portfolio\" data-id=\"f7c50a0\" data-element_type=\"widget\" data-widget_type=\"lakit-portfolio.default\">\n\t\t\t\t\t\n<div id=\"laportfolio_f7c50a0\" class=\"lakit-posts layout-type-grid preset-grid-1 querycpt--la_portfolio lakit-posts--grid\" data-item_selector=\".lakit-posts__item\" >        <div class=\"lakit-posts__list_wrapper\">\n            <div class=\"lakit-posts__list col-row\">\n            <div class=\"lakit-posts__item has-post-thumbnail col-desk-3 col-tabp-2 col-lap-3 col-tab-3\">\n    <div class=\"lakit-posts__outer-box\">\n        <div class=\"lakit-posts__inner-box\">            <div class=\"post-thumbnail lakit-posts__thumbnail\">\n                <a href=\"https:\/\/lodesign.vn\/index.php\/portfolio\/phong-house\/\" class=\"lakit-posts__thumbnail-link\" aria-label=\"Read more about Phong House\" ><img fetchpriority=\"high\" decoding=\"async\" width=\"1200\" height=\"960\" src=\"https:\/\/lodesign.vn\/wp-content\/uploads\/2025\/02\/Phong-House_kien-truc_3-1.jpg\" class=\"lakit-posts__thumbnail-img wp-post-image la-lazyload-image wp-post-image\" alt=\"\" \/><\/a>\n                                                            <\/div>\n        <div class=\"lakit-posts__inner-content\"><div class=\"lakit-posts__inner-content-inner\"><div class=\"lakit-posts__meta lakit-posts__meta1\"><div class=\"lakit-posts__meta__item lakit-posts__meta__item--category post__cat\"><span class=\"meta--value\"><a href=\"https:\/\/lodesign.vn\/index.php\/portfolio-category\/nha-pho\/\" rel=\"tag\">Nh\u00e0 Ph\u1ed1<\/a><\/span><\/div><\/div><h3 class=\"lakit-posts__title\"><a href=\"https:\/\/lodesign.vn\/index.php\/portfolio\/phong-house\/\" title=\"Phong House\" rel=\"bookmark\">Phong House<\/a><\/h3><\/div><\/div><\/div>\n    <\/div>\n<\/div><div class=\"lakit-posts__item has-post-thumbnail col-desk-3 col-tabp-2 col-lap-3 col-tab-3\">\n    <div class=\"lakit-posts__outer-box\">\n        <div class=\"lakit-posts__inner-box\">            <div class=\"post-thumbnail lakit-posts__thumbnail\">\n                <a href=\"https:\/\/lodesign.vn\/index.php\/portfolio\/van-phong-nasa\/\" class=\"lakit-posts__thumbnail-link\" aria-label=\"Read more about Van Phong NASA\" ><img decoding=\"async\" width=\"1500\" height=\"1000\" src=\"https:\/\/lodesign.vn\/wp-content\/uploads\/2025\/02\/NASA-Office_8.jpg\" class=\"lakit-posts__thumbnail-img wp-post-image la-lazyload-image wp-post-image\" alt=\"\" \/><\/a>\n                                                            <\/div>\n        <div class=\"lakit-posts__inner-content\"><div class=\"lakit-posts__inner-content-inner\"><div class=\"lakit-posts__meta lakit-posts__meta1\"><div class=\"lakit-posts__meta__item lakit-posts__meta__item--category post__cat\"><span class=\"meta--value\"><a href=\"https:\/\/lodesign.vn\/index.php\/portfolio-category\/van-phong\/\" rel=\"tag\">V\u0103n Ph\u00f2ng<\/a><\/span><\/div><\/div><h3 class=\"lakit-posts__title\"><a href=\"https:\/\/lodesign.vn\/index.php\/portfolio\/van-phong-nasa\/\" title=\"Van Phong NASA\" rel=\"bookmark\">Van Phong NASA<\/a><\/h3><\/div><\/div><\/div>\n    <\/div>\n<\/div><div class=\"lakit-posts__item has-post-thumbnail col-desk-3 col-tabp-2 col-lap-3 col-tab-3\">\n    <div class=\"lakit-posts__outer-box\">\n        <div class=\"lakit-posts__inner-box\">            <div class=\"post-thumbnail lakit-posts__thumbnail\">\n                <a href=\"https:\/\/lodesign.vn\/index.php\/portfolio\/van-phong-buon-me-thuot\/\" class=\"lakit-posts__thumbnail-link\" aria-label=\"Read more about Van Phong Buon Me Thuot\" ><img decoding=\"async\" width=\"900\" height=\"595\" src=\"https:\/\/lodesign.vn\/wp-content\/uploads\/2025\/02\/Thumbnail_ngang-3.jpg\" class=\"lakit-posts__thumbnail-img wp-post-image la-lazyload-image wp-post-image\" alt=\"\" \/><\/a>\n                                                            <\/div>\n        <div class=\"lakit-posts__inner-content\"><div class=\"lakit-posts__inner-content-inner\"><div class=\"lakit-posts__meta lakit-posts__meta1\"><div class=\"lakit-posts__meta__item lakit-posts__meta__item--category post__cat\"><span class=\"meta--value\"><a href=\"https:\/\/lodesign.vn\/index.php\/portfolio-category\/van-phong\/\" rel=\"tag\">V\u0103n Ph\u00f2ng<\/a><\/span><\/div><\/div><h3 class=\"lakit-posts__title\"><a href=\"https:\/\/lodesign.vn\/index.php\/portfolio\/van-phong-buon-me-thuot\/\" title=\"Van Phong Buon Me Thuot\" rel=\"bookmark\">Van Phong Buon Me Thuot<\/a><\/h3><\/div><\/div><\/div>\n    <\/div>\n<\/div><div class=\"lakit-posts__item has-post-thumbnail col-desk-3 col-tabp-2 col-lap-3 col-tab-3\">\n    <div class=\"lakit-posts__outer-box\">\n        <div class=\"lakit-posts__inner-box\">            <div class=\"post-thumbnail lakit-posts__thumbnail\">\n                <a href=\"https:\/\/lodesign.vn\/index.php\/portfolio\/can-ho-monarchy-dn\/\" class=\"lakit-posts__thumbnail-link\" aria-label=\"Read more about Can Ho Monarchy \u0110N\" ><img loading=\"lazy\" decoding=\"async\" width=\"900\" height=\"595\" src=\"https:\/\/lodesign.vn\/wp-content\/uploads\/2025\/02\/Thumbnail_ngang-2.jpg\" class=\"lakit-posts__thumbnail-img wp-post-image la-lazyload-image wp-post-image\" alt=\"\" \/><\/a>\n                                                            <\/div>\n        <div class=\"lakit-posts__inner-content\"><div class=\"lakit-posts__inner-content-inner\"><div class=\"lakit-posts__meta lakit-posts__meta1\"><div class=\"lakit-posts__meta__item lakit-posts__meta__item--category post__cat\"><span class=\"meta--value\"><a href=\"https:\/\/lodesign.vn\/index.php\/portfolio-category\/can-ho\/\" rel=\"tag\">C\u0103n H\u1ed9<\/a><\/span><\/div><\/div><h3 class=\"lakit-posts__title\"><a href=\"https:\/\/lodesign.vn\/index.php\/portfolio\/can-ho-monarchy-dn\/\" title=\"Can Ho Monarchy \u0110N\" rel=\"bookmark\">Can Ho Monarchy \u0110N<\/a><\/h3><\/div><\/div><\/div>\n    <\/div>\n<\/div><div class=\"lakit-posts__item has-post-thumbnail col-desk-3 col-tabp-2 col-lap-3 col-tab-3\">\n    <div class=\"lakit-posts__outer-box\">\n        <div class=\"lakit-posts__inner-box\">            <div class=\"post-thumbnail lakit-posts__thumbnail\">\n                <a href=\"https:\/\/lodesign.vn\/index.php\/portfolio\/soc-trang-villa\/\" class=\"lakit-posts__thumbnail-link\" aria-label=\"Read more about Soc Trang Villa\" ><img loading=\"lazy\" decoding=\"async\" width=\"900\" height=\"595\" src=\"https:\/\/lodesign.vn\/wp-content\/uploads\/2025\/02\/Thumbnail_ngang-1.jpg\" class=\"lakit-posts__thumbnail-img wp-post-image la-lazyload-image wp-post-image\" alt=\"\" \/><\/a>\n                                                            <\/div>\n        <div class=\"lakit-posts__inner-content\"><div class=\"lakit-posts__inner-content-inner\"><div class=\"lakit-posts__meta lakit-posts__meta1\"><div class=\"lakit-posts__meta__item lakit-posts__meta__item--category post__cat\"><span class=\"meta--value\"><a href=\"https:\/\/lodesign.vn\/index.php\/portfolio-category\/villa-2\/\" rel=\"tag\">Villa<\/a><\/span><\/div><\/div><h3 class=\"lakit-posts__title\"><a href=\"https:\/\/lodesign.vn\/index.php\/portfolio\/soc-trang-villa\/\" title=\"Soc Trang Villa\" rel=\"bookmark\">Soc Trang Villa<\/a><\/h3><\/div><\/div><\/div>\n    <\/div>\n<\/div><div class=\"lakit-posts__item has-post-thumbnail col-desk-3 col-tabp-2 col-lap-3 col-tab-3\">\n    <div class=\"lakit-posts__outer-box\">\n        <div class=\"lakit-posts__inner-box\">            <div class=\"post-thumbnail lakit-posts__thumbnail\">\n                <a href=\"https:\/\/lodesign.vn\/index.php\/portfolio\/riverside-complex\/\" class=\"lakit-posts__thumbnail-link\" aria-label=\"Read more about Riverside Complex\" ><img loading=\"lazy\" decoding=\"async\" width=\"900\" height=\"595\" src=\"https:\/\/lodesign.vn\/wp-content\/uploads\/2025\/02\/Thumbnail_ngang.jpg\" class=\"lakit-posts__thumbnail-img wp-post-image la-lazyload-image wp-post-image\" alt=\"\" \/><\/a>\n                                                            <\/div>\n        <div class=\"lakit-posts__inner-content\"><div class=\"lakit-posts__inner-content-inner\"><div class=\"lakit-posts__meta lakit-posts__meta1\"><div class=\"lakit-posts__meta__item lakit-posts__meta__item--category post__cat\"><span class=\"meta--value\"><a href=\"https:\/\/lodesign.vn\/index.php\/portfolio-category\/can-ho\/\" rel=\"tag\">C\u0103n H\u1ed9<\/a><\/span><\/div><\/div><h3 class=\"lakit-posts__title\"><a href=\"https:\/\/lodesign.vn\/index.php\/portfolio\/riverside-complex\/\" title=\"Riverside Complex\" rel=\"bookmark\">Riverside Complex<\/a><\/h3><\/div><\/div><\/div>\n    <\/div>\n<\/div><div class=\"lakit-posts__item has-post-thumbnail col-desk-3 col-tabp-2 col-lap-3 col-tab-3\">\n    <div class=\"lakit-posts__outer-box\">\n        <div class=\"lakit-posts__inner-box\">            <div class=\"post-thumbnail lakit-posts__thumbnail\">\n                <a href=\"https:\/\/lodesign.vn\/index.php\/portfolio\/cu-chi-villa\/\" class=\"lakit-posts__thumbnail-link\" aria-label=\"Read more about Cu Chi Villa\" ><img loading=\"lazy\" decoding=\"async\" width=\"1500\" height=\"1011\" src=\"https:\/\/lodesign.vn\/wp-content\/uploads\/2025\/02\/5.jpg\" class=\"lakit-posts__thumbnail-img wp-post-image la-lazyload-image wp-post-image\" alt=\"\" \/><\/a>\n                                                            <\/div>\n        <div class=\"lakit-posts__inner-content\"><div class=\"lakit-posts__inner-content-inner\"><div class=\"lakit-posts__meta lakit-posts__meta1\"><div class=\"lakit-posts__meta__item lakit-posts__meta__item--category post__cat\"><span class=\"meta--value\"><a href=\"https:\/\/lodesign.vn\/index.php\/portfolio-category\/villa-2\/\" rel=\"tag\">Villa<\/a><\/span><\/div><\/div><h3 class=\"lakit-posts__title\"><a href=\"https:\/\/lodesign.vn\/index.php\/portfolio\/cu-chi-villa\/\" title=\"Cu Chi Villa\" rel=\"bookmark\">Cu Chi Villa<\/a><\/h3><\/div><\/div><\/div>\n    <\/div>\n<\/div><div class=\"lakit-posts__item has-post-thumbnail col-desk-3 col-tabp-2 col-lap-3 col-tab-3\">\n    <div class=\"lakit-posts__outer-box\">\n        <div class=\"lakit-posts__inner-box\">            <div class=\"post-thumbnail lakit-posts__thumbnail\">\n                <a href=\"https:\/\/lodesign.vn\/index.php\/portfolio\/luke-villa\/\" class=\"lakit-posts__thumbnail-link\" aria-label=\"Read more about Luke Villa\" ><img loading=\"lazy\" decoding=\"async\" width=\"1300\" height=\"845\" src=\"https:\/\/lodesign.vn\/wp-content\/uploads\/2025\/02\/FL1-03-KHACH-V4.jpg\" class=\"lakit-posts__thumbnail-img wp-post-image la-lazyload-image wp-post-image\" alt=\"\" \/><\/a>\n                                                            <\/div>\n        <div class=\"lakit-posts__inner-content\"><div class=\"lakit-posts__inner-content-inner\"><div class=\"lakit-posts__meta lakit-posts__meta1\"><div class=\"lakit-posts__meta__item lakit-posts__meta__item--category post__cat\"><span class=\"meta--value\"><a href=\"https:\/\/lodesign.vn\/index.php\/portfolio-category\/villa-2\/\" rel=\"tag\">Villa<\/a><\/span><\/div><\/div><h3 class=\"lakit-posts__title\"><a href=\"https:\/\/lodesign.vn\/index.php\/portfolio\/luke-villa\/\" title=\"Luke Villa\" rel=\"bookmark\">Luke Villa<\/a><\/h3><\/div><\/div><\/div>\n    <\/div>\n<\/div>            <\/div>\n        <\/div>\n                <nav class=\"post-pagination lakit-pagination clearfix lakit-ajax-pagination nothingtoshow\" data-parent-container=\"#laportfolio_f7c50a0\" data-container=\"#laportfolio_f7c50a0 .lakit-posts__list\" data-item-selector=\".lakit-posts__item\" data-ajax_request_id=\"post-pagef7c50a0\">\n                <div class=\"lakit-ajax-loading-outer\"><span class=\"lakit-css-loader\"><\/span><\/div>\n                <div class=\"lakit-post__loadmore_ajax lakit-pagination_ajax_loadmore\">\n                    <a rel=\"nofollow\" href=\"\/\"><span>Load More<\/span><\/a>\n                <\/div>\n                            <\/nav>\n            \n    <\/div>\n\t\t\t\t<\/div>\n\t\t\t\t\t<\/div>\n\t\t\t\t<\/div>\n\t\t\t\t<\/div>\n\t\t","protected":false},"excerpt":{"rendered":"<p>Home C\u00c1C D\u1ef0 \u00c1N C\u1ee6A CH\u00daNG T\u00d4I Nh\u00e0 Ph\u1ed1 Phong House V\u0103n Ph\u00f2ng Van Phong NASA V\u0103n Ph\u00f2ng Van Phong Buon Me Thuot C\u0103n H\u1ed9 Can Ho Monarchy \u0110N Villa Soc Trang Villa C\u0103n H\u1ed9 Riverside Complex Villa Cu Chi Villa Villa Luke Villa Load More<\/p>\n","protected":false},"author":1,"featured_media":0,"parent":0,"menu_order":0,"comment_status":"closed","ping_status":"closed","template":"","meta":{"footnotes":""},"class_list":["post-3472","page","type-page","status-publish","hentry"],"_links":{"self":[{"href":"https:\/\/lodesign.vn\/index.php\/wp-json\/wp\/v2\/pages\/3472","targetHints":{"allow":["GET"]}}],"collection":[{"href":"https:\/\/lodesign.vn\/index.php\/wp-json\/wp\/v2\/pages"}],"about":[{"href":"https:\/\/lodesign.vn\/index.php\/wp-json\/wp\/v2\/types\/page"}],"author":[{"embeddable":true,"href":"https:\/\/lodesign.vn\/index.php\/wp-json\/wp\/v2\/users\/1"}],"replies":[{"embeddable":true,"href":"https:\/\/lodesign.vn\/index.php\/wp-json\/wp\/v2\/comments?post=3472"}],"version-history":[{"count":19,"href":"https:\/\/lodesign.vn\/index.php\/wp-json\/wp\/v2\/pages\/3472\/revisions"}],"predecessor-version":[{"id":3729,"href":"https:\/\/lodesign.vn\/index.php\/wp-json\/wp\/v2\/pages\/3472\/revisions\/3729"}],"wp:attachment":[{"href":"https:\/\/lodesign.vn\/index.php\/wp-json\/wp\/v2\/media?parent=3472"}],"curies":[{"name":"wp","href":"https:\/\/api.w.org\/{rel}","templated":true}]}}